{"id":77,"date":"2019-07-15T18:52:14","date_gmt":"2019-07-15T18:52:14","guid":{"rendered":"http:\/\/limami.de\/?page_id=77"},"modified":"2021-06-19T09:26:26","modified_gmt":"2021-06-19T09:26:26","slug":"ueber-mich","status":"publish","type":"page","link":"https:\/\/limami.de\/?page_id=77","title":{"rendered":"\u00dcber mich"},"content":{"rendered":"\n<figure class=\"wp-block-image\"><img loading=\"lazy\" decoding=\"async\" width=\"1024\" height=\"678\" src=\"http:\/\/limami.de\/wp-content\/uploads\/2019\/07\/MFI_3991-1-1024x678.jpg\" alt=\"\" class=\"wp-image-457\" srcset=\"https:\/\/limami.de\/wp-content\/uploads\/2019\/07\/MFI_3991-1-1024x678.jpg 1024w, https:\/\/limami.de\/wp-content\/uploads\/2019\/07\/MFI_3991-1-300x199.jpg 300w, https:\/\/limami.de\/wp-content\/uploads\/2019\/07\/MFI_3991-1-768x509.jpg 768w, https:\/\/limami.de\/wp-content\/uploads\/2019\/07\/MFI_3991-1-1042x690.jpg 1042w\" sizes=\"auto, (max-width: 1024px) 100vw, 1024px\" \/><figcaption>Mein Herz schl\u00e4gt f\u00fcr das Sauerland &#8211; und nat\u00fcrlich f\u00fcr meine vier zauberhaften T\u00f6chter.<\/figcaption><\/figure>\n\n\n\n<p>Hi. Mein Name ist Lisa-Marie. Ich bin freie Journalistin und ausgebildete Redakteurin. Mit meinem Mann, unseren vier kleinen T\u00f6chtern und unseren Hunden lebe ich im Sauerland. Gleich neben der sch\u00f6nsten Kuhwiese der Welt.\u00a0Ich nehme euch mit in unseren Naturgarten oder auch mal querfeldein durch die heimische Natur. Au\u00dferdem gibt&#8217;s immer mal wieder Rezepte und kleine DIY-Ideen. <\/p>\n\n\n\n<p>Und nun w\u00fcnsche ich dir ganz viel Spa\u00df auf meinem Blog. <\/p>\n","protected":false},"excerpt":{"rendered":"<p>Hi. Mein Name ist Lisa-Marie. Ich bin freie Journalistin und ausgebildete Redakteurin. Mit meinem Mann, unseren vier kleinen T\u00f6chtern und unseren Hunden lebe&hellip;<\/p>\n","protected":false},"author":1,"featured_media":0,"parent":0,"menu_order":0,"comment_status":"closed","ping_status":"closed","template":"","meta":{"footnotes":""},"class_list":["post-77","page","type-page","status-publish","hentry"],"yoast_head":"<!-- This site is optimized with the Yoast SEO plugin v27.5 - https:\/\/yoast.com\/product\/yoast-seo-wordpress\/ -->\n<title>\u00dcber mich - Limami<\/title>\n<meta name=\"robots\" content=\"index, follow, max-snippet:-1, max-image-preview:large, max-video-preview:-1\" \/>\n<link rel=\"canonical\" href=\"https:\/\/limami.de\/?page_id=77\" \/>\n<meta property=\"og:locale\" content=\"de_DE\" \/>\n<meta property=\"og:type\" content=\"article\" \/>\n<meta property=\"og:title\" content=\"\u00dcber mich - Limami\" \/>\n<meta property=\"og:description\" content=\"Hi. Mein Name ist Lisa-Marie. Ich bin freie Journalistin und ausgebildete Redakteurin. Mit meinem Mann, unseren vier kleinen T\u00f6chtern und unseren Hunden lebe&hellip;\" \/>\n<meta property=\"og:url\" content=\"https:\/\/limami.de\/?page_id=77\" \/>\n<meta property=\"og:site_name\" content=\"Limami\" \/>\n<meta property=\"article:modified_time\" content=\"2021-06-19T09:26:26+00:00\" \/>\n<meta property=\"og:image\" content=\"http:\/\/limami.de\/wp-content\/uploads\/2019\/07\/MFI_3991-1-1024x678.jpg\" \/>\n<meta name=\"twitter:card\" content=\"summary_large_image\" \/>\n<meta name=\"twitter:label1\" content=\"Gesch\u00e4tzte Lesezeit\" \/>\n\t<meta name=\"twitter:data1\" content=\"1\u00a0Minute\" \/>\n<script type=\"application\/ld+json\" class=\"yoast-schema-graph\">{\"@context\":\"https:\\\/\\\/schema.org\",\"@graph\":[{\"@type\":\"WebPage\",\"@id\":\"https:\\\/\\\/limami.de\\\/?page_id=77\",\"url\":\"https:\\\/\\\/limami.de\\\/?page_id=77\",\"name\":\"\u00dcber mich - Limami\",\"isPartOf\":{\"@id\":\"https:\\\/\\\/limami.de\\\/#website\"},\"primaryImageOfPage\":{\"@id\":\"https:\\\/\\\/limami.de\\\/?page_id=77#primaryimage\"},\"image\":{\"@id\":\"https:\\\/\\\/limami.de\\\/?page_id=77#primaryimage\"},\"thumbnailUrl\":\"http:\\\/\\\/limami.de\\\/wp-content\\\/uploads\\\/2019\\\/07\\\/MFI_3991-1-1024x678.jpg\",\"datePublished\":\"2019-07-15T18:52:14+00:00\",\"dateModified\":\"2021-06-19T09:26:26+00:00\",\"breadcrumb\":{\"@id\":\"https:\\\/\\\/limami.de\\\/?page_id=77#breadcrumb\"},\"inLanguage\":\"de\",\"potentialAction\":[{\"@type\":\"ReadAction\",\"target\":[\"https:\\\/\\\/limami.de\\\/?page_id=77\"]}]},{\"@type\":\"ImageObject\",\"inLanguage\":\"de\",\"@id\":\"https:\\\/\\\/limami.de\\\/?page_id=77#primaryimage\",\"url\":\"http:\\\/\\\/limami.de\\\/wp-content\\\/uploads\\\/2019\\\/07\\\/MFI_3991-1-1024x678.jpg\",\"contentUrl\":\"http:\\\/\\\/limami.de\\\/wp-content\\\/uploads\\\/2019\\\/07\\\/MFI_3991-1-1024x678.jpg\"},{\"@type\":\"BreadcrumbList\",\"@id\":\"https:\\\/\\\/limami.de\\\/?page_id=77#breadcrumb\",\"itemListElement\":[{\"@type\":\"ListItem\",\"position\":1,\"name\":\"Startseite\",\"item\":\"https:\\\/\\\/limami.de\\\/\"},{\"@type\":\"ListItem\",\"position\":2,\"name\":\"\u00dcber mich\"}]},{\"@type\":\"WebSite\",\"@id\":\"https:\\\/\\\/limami.de\\\/#website\",\"url\":\"https:\\\/\\\/limami.de\\\/\",\"name\":\"Limami\",\"description\":\"\",\"potentialAction\":[{\"@type\":\"SearchAction\",\"target\":{\"@type\":\"EntryPoint\",\"urlTemplate\":\"https:\\\/\\\/limami.de\\\/?s={search_term_string}\"},\"query-input\":{\"@type\":\"PropertyValueSpecification\",\"valueRequired\":true,\"valueName\":\"search_term_string\"}}],\"inLanguage\":\"de\"}]}<\/script>\n<!-- \/ Yoast SEO plugin. -->","yoast_head_json":{"title":"\u00dcber mich - Limami","robots":{"index":"index","follow":"follow","max-snippet":"max-snippet:-1","max-image-preview":"max-image-preview:large","max-video-preview":"max-video-preview:-1"},"canonical":"https:\/\/limami.de\/?page_id=77","og_locale":"de_DE","og_type":"article","og_title":"\u00dcber mich - Limami","og_description":"Hi. Mein Name ist Lisa-Marie. Ich bin freie Journalistin und ausgebildete Redakteurin. Mit meinem Mann, unseren vier kleinen T\u00f6chtern und unseren Hunden lebe&hellip;","og_url":"https:\/\/limami.de\/?page_id=77","og_site_name":"Limami","article_modified_time":"2021-06-19T09:26:26+00:00","og_image":[{"url":"http:\/\/limami.de\/wp-content\/uploads\/2019\/07\/MFI_3991-1-1024x678.jpg","type":"","width":"","height":""}],"twitter_card":"summary_large_image","twitter_misc":{"Gesch\u00e4tzte Lesezeit":"1\u00a0Minute"},"schema":{"@context":"https:\/\/schema.org","@graph":[{"@type":"WebPage","@id":"https:\/\/limami.de\/?page_id=77","url":"https:\/\/limami.de\/?page_id=77","name":"\u00dcber mich - Limami","isPartOf":{"@id":"https:\/\/limami.de\/#website"},"primaryImageOfPage":{"@id":"https:\/\/limami.de\/?page_id=77#primaryimage"},"image":{"@id":"https:\/\/limami.de\/?page_id=77#primaryimage"},"thumbnailUrl":"http:\/\/limami.de\/wp-content\/uploads\/2019\/07\/MFI_3991-1-1024x678.jpg","datePublished":"2019-07-15T18:52:14+00:00","dateModified":"2021-06-19T09:26:26+00:00","breadcrumb":{"@id":"https:\/\/limami.de\/?page_id=77#breadcrumb"},"inLanguage":"de","potentialAction":[{"@type":"ReadAction","target":["https:\/\/limami.de\/?page_id=77"]}]},{"@type":"ImageObject","inLanguage":"de","@id":"https:\/\/limami.de\/?page_id=77#primaryimage","url":"http:\/\/limami.de\/wp-content\/uploads\/2019\/07\/MFI_3991-1-1024x678.jpg","contentUrl":"http:\/\/limami.de\/wp-content\/uploads\/2019\/07\/MFI_3991-1-1024x678.jpg"},{"@type":"BreadcrumbList","@id":"https:\/\/limami.de\/?page_id=77#breadcrumb","itemListElement":[{"@type":"ListItem","position":1,"name":"Startseite","item":"https:\/\/limami.de\/"},{"@type":"ListItem","position":2,"name":"\u00dcber mich"}]},{"@type":"WebSite","@id":"https:\/\/limami.de\/#website","url":"https:\/\/limami.de\/","name":"Limami","description":"","potentialAction":[{"@type":"SearchAction","target":{"@type":"EntryPoint","urlTemplate":"https:\/\/limami.de\/?s={search_term_string}"},"query-input":{"@type":"PropertyValueSpecification","valueRequired":true,"valueName":"search_term_string"}}],"inLanguage":"de"}]}},"_links":{"self":[{"href":"https:\/\/limami.de\/index.php?rest_route=\/wp\/v2\/pages\/77","targetHints":{"allow":["GET"]}}],"collection":[{"href":"https:\/\/limami.de\/index.php?rest_route=\/wp\/v2\/pages"}],"about":[{"href":"https:\/\/limami.de\/index.php?rest_route=\/wp\/v2\/types\/page"}],"author":[{"embeddable":true,"href":"https:\/\/limami.de\/index.php?rest_route=\/wp\/v2\/users\/1"}],"replies":[{"embeddable":true,"href":"https:\/\/limami.de\/index.php?rest_route=%2Fwp%2Fv2%2Fcomments&post=77"}],"version-history":[{"count":29,"href":"https:\/\/limami.de\/index.php?rest_route=\/wp\/v2\/pages\/77\/revisions"}],"predecessor-version":[{"id":2068,"href":"https:\/\/limami.de\/index.php?rest_route=\/wp\/v2\/pages\/77\/revisions\/2068"}],"wp:attachment":[{"href":"https:\/\/limami.de\/index.php?rest_route=%2Fwp%2Fv2%2Fmedia&parent=77"}],"curies":[{"name":"wp","href":"https:\/\/api.w.org\/{rel}","templated":true}]}}